{"id":1665,"date":"2025-04-01T16:51:01","date_gmt":"2025-04-01T16:51:01","guid":{"rendered":"https:\/\/ssbl.no\/x\/?page_id=1665"},"modified":"2025-04-02T06:55:16","modified_gmt":"2025-04-02T06:55:16","slug":"grasrotandel","status":"publish","type":"page","link":"https:\/\/ssbl.no\/x\/grasrotandel\/","title":{"rendered":"Grasrotandel"},"content":{"rendered":"\t\t<div data-elementor-type=\"wp-page\" data-elementor-id=\"1665\" class=\"elementor elementor-1665\">\n\t\t\t\t<div class=\"elementor-element elementor-element-d10b0a0 e-flex e-con-boxed e-con e-parent\" data-id=\"d10b0a0\" data-element_type=\"container\" data-settings=\"{&quot;background_background&quot;:&quot;classic&quot;}\">\n\t\t\t\t\t<div class=\"e-con-inner\">\n\t\t<div class=\"elementor-element elementor-element-1e4a5cd e-con-full e-flex e-con e-child\" data-id=\"1e4a5cd\" data-element_type=\"container\">\n\t\t\t\t<div class=\"elementor-element elementor-element-f1ea987 elementor-widget elementor-widget-heading\" data-id=\"f1ea987\" data-element_type=\"widget\" data-widget_type=\"heading.default\">\n\t\t\t\t<div class=\"elementor-widget-container\">\n\t\t\t\t\t<h1 class=\"elementor-heading-title elementor-size-default\">Grasrotandelen<\/h1>\t\t\t\t<\/div>\n\t\t\t\t<\/div>\n\t\t\t\t<\/div>\n\t\t\t\t\t<\/div>\n\t\t\t\t<\/div>\n\t\t<div class=\"elementor-element elementor-element-a2931fb e-flex e-con-boxed e-con e-parent\" data-id=\"a2931fb\" data-element_type=\"container\">\n\t\t\t\t\t<div class=\"e-con-inner\">\n\t\t<div class=\"elementor-element elementor-element-b6f7690 e-con-full e-flex e-con e-child\" data-id=\"b6f7690\" data-element_type=\"container\">\n\t\t<div class=\"elementor-element elementor-element-c69c27e e-con-full e-flex e-con e-child\" data-id=\"c69c27e\" data-element_type=\"container\">\n\t\t\t\t<div class=\"elementor-element elementor-element-13db23c elementor-widget elementor-widget-heading\" data-id=\"13db23c\" data-element_type=\"widget\" data-widget_type=\"heading.default\">\n\t\t\t\t<div class=\"elementor-widget-container\">\n\t\t\t\t\t<h4 class=\"elementor-heading-title elementor-size-default\">Grasrotandelen - Norsk Tipping<\/h4>\t\t\t\t<\/div>\n\t\t\t\t<\/div>\n\t\t\t\t<div class=\"elementor-element elementor-element-f75946b elementor-widget elementor-widget-text-editor\" data-id=\"f75946b\" data-element_type=\"widget\" data-widget_type=\"text-editor.default\">\n\t\t\t\t<div class=\"elementor-widget-container\">\n\t\t\t\t\t\t\t\t\t<p class=\"entry-title\"><b style=\"font-style: inherit;\"><span style=\"font-size: 16px;\">Se v\u00e5re opptjente midler via grasrotandelen <\/span><a style=\"font-size: 16px; font-weight: inherit; background-color: #ffffff;\" href=\"https:\/\/www.norsk-tipping.no\/grasrotandelen#search=997537971\" target=\"_blank\" rel=\"noopener\">HER<\/a><\/b><\/p><p><b style=\"font-style: inherit;\">Vil du gi din st\u00f8tte til SUNNDALS\u00d8RA SM\u00c5B\u00c5TLAG?<\/b><\/p><div>\u00a0<\/div><div class=\"entry-content\"><span style=\"font-size: 16px;\">Grasrotandelen er en ordning fra Norsk Tipping, hvor du som registrert spiller kan velge ett lag eller en forening som du \u00f8nsker \u00e5 st\u00f8tte din Grasrotmottaker. Vi oppfordrer deg til \u00e5 st\u00f8tte oss i SUNNDALS\u00d8RA SM\u00c5B\u00c5TLAG!<\/span><\/div><div class=\"entry-content\"><p>Tenk deg at du kan spille favorittspillene dine \u2013 Lotto, Tipping og Joker for eksempel \u2013 og samtidig gi noe mer til det laget eller den foreningen du selv \u00f8nsker \u00e5 st\u00f8tte. Dette er n\u00e5 mulig via Grasrotandelen. Ved spill hos Norsk Tipping vil 5% av innsatsen g\u00e5 direkte til ditt lag eller forening (gjelder ikke Extra og Flax). Merk at Grasrotandelen ikke p\u00e5 noen m\u00e5te g\u00e5r ut over innsatsen eller premien din \u2013 du blir ikke belastet noe for \u00e5 v\u00e6re grasrotgiver. Du trenger Norsk Tipping Spillerkort for \u00e5 knytte deg til Grasrotandelen. Spillerkort f\u00e5r du kj\u00f8pt hos kommisjon\u00e6r, eller du kan bestille det p\u00e5 www.norsk-tipping.no.<\/p><p>Vi oppfordrer deg til \u00e5 knytte deg til ordningen allerede idag, og du gj\u00f8r det p\u00e5 en av f\u00f8lgende m\u00e5ter:<\/p><p>1. Hos kommisjon\u00e6r: Ta med deg strekkoden og ditt spillerkort til en av Norsk Tippings mange kommisjon\u00e6rer.<br \/>2. SMS: GRASROTANDELEN 997537971 til 2020 (tjenesten er gratis).<br \/>3. Internett: grasrotandelen.no eller norsk-tipping.no.<br \/>4. Norsk Tipping Mobilspill.<\/p><p>Mer informasjon finnes p\u00e5 www.grasrotandelen.no Her vil du ogs\u00e5 kunne f\u00f8lge med p\u00e5 hvor mye Grasrotandelene genererer for de enkelte Grasrotmottakerne.<\/p><p>Takk for at du st\u00f8tter oss via Grasrotandelen!<\/p><\/div>\t\t\t\t\t\t\t\t<\/div>\n\t\t\t\t<\/div>\n\t\t\t\t<\/div>\n\t\t\t\t<\/div>\n\t\t<div class=\"elementor-element elementor-element-6c768e3 e-con-full e-flex e-con e-child\" data-id=\"6c768e3\" data-element_type=\"container\">\n\t\t\t\t<div class=\"elementor-element elementor-element-1bfa919 elementor-widget elementor-widget-image\" data-id=\"1bfa919\" data-element_type=\"widget\" data-widget_type=\"image.default\">\n\t\t\t\t<div class=\"elementor-widget-container\">\n\t\t\t\t\t\t\t\t\t\t\t\t\t\t\t\t<a href=\"https:\/\/www.norsk-tipping.no\/grasrotandelen#search=997537971\">\n\t\t\t\t\t\t\t<img fetchpriority=\"high\" decoding=\"async\" width=\"1024\" height=\"723\" src=\"https:\/\/ssbl.no\/x\/wp-content\/uploads\/2025\/04\/Norsk_Tipping_staende_logo.svg-1024x723.png\" class=\"attachment-large size-large wp-image-1667\" alt=\"\" srcset=\"https:\/\/ssbl.no\/x\/wp-content\/uploads\/2025\/04\/Norsk_Tipping_staende_logo.svg-1024x723.png 1024w, https:\/\/ssbl.no\/x\/wp-content\/uploads\/2025\/04\/Norsk_Tipping_staende_logo.svg-300x212.png 300w, https:\/\/ssbl.no\/x\/wp-content\/uploads\/2025\/04\/Norsk_Tipping_staende_logo.svg-768x542.png 768w, https:\/\/ssbl.no\/x\/wp-content\/uploads\/2025\/04\/Norsk_Tipping_staende_logo.svg.png 1200w\" sizes=\"(max-width: 1024px) 100vw, 1024px\" \/>\t\t\t\t\t\t\t\t<\/a>\n\t\t\t\t\t\t\t\t\t\t\t\t\t\t\t<\/div>\n\t\t\t\t<\/div>\n\t\t\t\t<\/div>\n\t\t\t\t\t<\/div>\n\t\t\t\t<\/div>\n\t\t\t\t<\/div>\n\t\t","protected":false},"excerpt":{"rendered":"<p>Grasrotandelen Grasrotandelen &#8211; Norsk Tipping Se v\u00e5re opptjente midler via grasrotandelen HER Vil du gi din st\u00f8tte til SUNNDALS\u00d8RA SM\u00c5B\u00c5TLAG? \u00a0Grasrotandelen er en ordning fra Norsk Tipping, hvor du som registrert spiller kan velge ett lag eller en forening som du \u00f8nsker \u00e5 st\u00f8tte din Grasrotmottaker. Vi oppfordrer deg til \u00e5 st\u00f8tte oss i SUNNDALS\u00d8RA [&hellip;]<\/p>\n","protected":false},"author":1,"featured_media":0,"parent":0,"menu_order":0,"comment_status":"closed","ping_status":"closed","template":"","meta":{"_uag_custom_page_level_css":"","site-sidebar-layout":"no-sidebar","site-content-layout":"page-builder","ast-site-content-layout":"full-width-container","site-content-style":"unboxed","site-sidebar-style":"unboxed","ast-global-header-display":"","ast-banner-title-visibility":"","ast-main-header-display":"","ast-hfb-above-header-display":"","ast-hfb-below-header-display":"","ast-hfb-mobile-header-display":"","site-post-title":"disabled","ast-breadcrumbs-content":"","ast-featured-img":"disabled","footer-sml-layout":"","theme-transparent-header-meta":"enabled","adv-header-id-meta":"","stick-header-meta":"","header-above-stick-meta":"","header-main-stick-meta":"","header-below-stick-meta":"","astra-migrate-meta-layouts":"set","ast-page-background-enabled":"default","ast-page-background-meta":{"desktop":{"background-color":"","background-image":"","background-repeat":"repeat","background-position":"center center","background-size":"auto","background-attachment":"scroll","background-type":"","background-media":"","overlay-type":"","overlay-color":"","overlay-opacity":"","overlay-gradient":""},"tablet":{"background-color":"","background-image":"","background-repeat":"repeat","background-position":"center center","background-size":"auto","background-attachment":"scroll","background-type":"","background-media":"","overlay-type":"","overlay-color":"","overlay-opacity":"","overlay-gradient":""},"mobile":{"background-color":"","background-image":"","background-repeat":"repeat","background-position":"center center","background-size":"auto","background-attachment":"scroll","background-type":"","background-media":"","overlay-type":"","overlay-color":"","overlay-opacity":"","overlay-gradient":""}},"ast-content-background-meta":{"desktop":{"background-color":"var(--ast-global-color-5)","background-image":"","background-repeat":"repeat","background-position":"center center","background-size":"auto","background-attachment":"scroll","background-type":"","background-media":"","overlay-type":"","overlay-color":"","overlay-opacity":"","overlay-gradient":""},"tablet":{"background-color":"var(--ast-global-color-5)","background-image":"","background-repeat":"repeat","background-position":"center center","background-size":"auto","background-attachment":"scroll","background-type":"","background-media":"","overlay-type":"","overlay-color":"","overlay-opacity":"","overlay-gradient":""},"mobile":{"background-color":"var(--ast-global-color-5)","background-image":"","background-repeat":"repeat","background-position":"center center","background-size":"auto","background-attachment":"scroll","background-type":"","background-media":"","overlay-type":"","overlay-color":"","overlay-opacity":"","overlay-gradient":""}},"footnotes":""},"class_list":["post-1665","page","type-page","status-publish","hentry"],"uagb_featured_image_src":{"full":false,"thumbnail":false,"medium":false,"medium_large":false,"large":false,"1536x1536":false,"2048x2048":false},"uagb_author_info":{"display_name":"webansvarlig","author_link":"https:\/\/ssbl.no\/x\/author\/webansvarlig\/"},"uagb_comment_info":0,"uagb_excerpt":"Grasrotandelen Grasrotandelen &#8211; Norsk Tipping Se v\u00e5re opptjente midler via grasrotandelen HER Vil du gi din st\u00f8tte til SUNNDALS\u00d8RA SM\u00c5B\u00c5TLAG? \u00a0Grasrotandelen er en ordning fra Norsk Tipping, hvor du som registrert spiller kan velge ett lag eller en forening som du \u00f8nsker \u00e5 st\u00f8tte din Grasrotmottaker. Vi oppfordrer deg til \u00e5 st\u00f8tte oss i SUNNDALS\u00d8RA&hellip;","_links":{"self":[{"href":"https:\/\/ssbl.no\/x\/wp-json\/wp\/v2\/pages\/1665","targetHints":{"allow":["GET"]}}],"collection":[{"href":"https:\/\/ssbl.no\/x\/wp-json\/wp\/v2\/pages"}],"about":[{"href":"https:\/\/ssbl.no\/x\/wp-json\/wp\/v2\/types\/page"}],"author":[{"embeddable":true,"href":"https:\/\/ssbl.no\/x\/wp-json\/wp\/v2\/users\/1"}],"replies":[{"embeddable":true,"href":"https:\/\/ssbl.no\/x\/wp-json\/wp\/v2\/comments?post=1665"}],"version-history":[{"count":13,"href":"https:\/\/ssbl.no\/x\/wp-json\/wp\/v2\/pages\/1665\/revisions"}],"predecessor-version":[{"id":1861,"href":"https:\/\/ssbl.no\/x\/wp-json\/wp\/v2\/pages\/1665\/revisions\/1861"}],"wp:attachment":[{"href":"https:\/\/ssbl.no\/x\/wp-json\/wp\/v2\/media?parent=1665"}],"curies":[{"name":"wp","href":"https:\/\/api.w.org\/{rel}","templated":true}]}}